{"id":5569,"date":"2020-02-17T07:52:06","date_gmt":"2020-02-17T07:52:06","guid":{"rendered":"https:\/\/www.blue-rent.gr\/company\/"},"modified":"2025-07-31T10:28:16","modified_gmt":"2025-07-31T10:28:16","slug":"company","status":"publish","type":"page","link":"https:\/\/www.blue-rent.gr\/de\/company\/","title":{"rendered":"\u00dcber Uns"},"content":{"rendered":"\t\t<div data-elementor-type=\"wp-page\" data-elementor-id=\"5569\" class=\"elementor elementor-5569 elementor-109\" data-elementor-post-type=\"page\">\n\t\t\t\t<div class=\"elementor-element elementor-element-e84ddb0 e-flex e-con-boxed e-con e-parent\" data-id=\"e84ddb0\" data-element_type=\"container\">\n\t\t\t\t\t<div class=\"e-con-inner\">\n\t\t\t\t<div class=\"elementor-element elementor-element-b5e7ded elementor-widget elementor-widget-text-editor\" data-id=\"b5e7ded\" data-element_type=\"widget\" data-widget_type=\"text-editor.default\">\n\t\t\t\t<div class=\"elementor-widget-container\">\n\t\t\t\t\t\t\t\t\t<p><strong>Blue-rent<\/strong>\u00a0autovermietungen<\/p>\n<p>Die Autovermietung Thessaloniki mit dem Namen Blue-rent hat ihren Sitz in Thessaloniki. Sie ist bekannt f\u00fcr ihre Qualit\u00e4t und ihre unschlagbaren Preise in der Autovermietungsbranche. Unser kompetentes Personal mit freundlichem und schnellem Service hat es sich zur Aufgabe gemacht, Mietwagen anzubieten, die den Bed\u00fcrfnissen der Kunden entsprechen, und Transportl\u00f6sungen f\u00fcr Urlaub oder gesch\u00e4ftliche Zwecke zu einem g\u00fcnstigen Preis anzubieten.<br \/>\nUnsere langj\u00e4hrige Zusammenarbeit mit ausl\u00e4ndischen Agenturen wie Budget und jetzt Europcar, deren Vertreter wir in Chalkidiki sind, sowie die hohen Standards, die wir setzen, sind eine Garantie f\u00fcr die Qualit\u00e4t der angebotenen Autovermietungsdienste.<br \/>\nDer Hauptsitz von Blue-rent befindet sich <strong>neben dem Flughafen Makedonien in Thessaloniki (SKG) <\/strong>\u00a0. Unsere Niederlassungen in\u00a0<strong>Chalkidiki<\/strong>\u00a0befindet sich an drei wichtigen Punkten, n\u00e4mlich<strong>\u00a0Kallithea Kassandra<\/strong>,<strong>\u00a0<\/strong>die\u00a0<strong>Nikiti, Sithonia\u00a0<\/strong>und die <strong>Ierissos Ouranoupoli<\/strong>\u00a0. Wir bedienen jedoch viele Bahnh\u00f6fe, die Sie der Reservierungstabelle entnehmen k\u00f6nnen. Wir bieten einen 24-Stunden-Telefonsupport.<\/p>\n<p>Blue-rent hei\u00dft Sie herzlich willkommen in Thessaloniki, der Stadt mit ihrer 2300-j\u00e4hrigen Geschichte und ihren einzigartigen Sehensw\u00fcrdigkeiten.<\/p>\n\t\t\t\t\t\t\t\t<\/div>\n\t\t\t\t<\/div>\n\t\t\t\t\t<\/div>\n\t\t\t\t<\/div>\n\t\t\t\t<\/div>\n\t\t","protected":false},"excerpt":{"rendered":"<p>Blue-rent\u00a0autovermietungen Die Autovermietung Thessaloniki mit dem Namen Blue-rent hat ihren Sitz in Thessaloniki. Sie ist bekannt f\u00fcr ihre Qualit\u00e4t und ihre unschlagbaren Preise in der Autovermietungsbranche. Unser kompetentes Personal mit freundlichem und schnellem Service hat es sich zur Aufgabe gemacht, Mietwagen anzubieten, die den Bed\u00fcrfnissen der Kunden entsprechen, und Transportl\u00f6sungen f\u00fcr Urlaub oder gesch\u00e4ftliche Zwecke [&hellip;]<\/p>\n","protected":false},"author":4,"featured_media":5570,"parent":0,"menu_order":0,"comment_status":"closed","ping_status":"closed","template":"tpl-default-elementor.php","meta":{"_acf_changed":false,"footnotes":""},"class_list":["post-5569","page","type-page","status-publish","has-post-thumbnail","hentry"],"acf":[],"aioseo_notices":[],"_links":{"self":[{"href":"https:\/\/www.blue-rent.gr\/de\/wp-json\/wp\/v2\/pages\/5569","targetHints":{"allow":["GET"]}}],"collection":[{"href":"https:\/\/www.blue-rent.gr\/de\/wp-json\/wp\/v2\/pages"}],"about":[{"href":"https:\/\/www.blue-rent.gr\/de\/wp-json\/wp\/v2\/types\/page"}],"author":[{"embeddable":true,"href":"https:\/\/www.blue-rent.gr\/de\/wp-json\/wp\/v2\/users\/4"}],"replies":[{"embeddable":true,"href":"https:\/\/www.blue-rent.gr\/de\/wp-json\/wp\/v2\/comments?post=5569"}],"version-history":[{"count":0,"href":"https:\/\/www.blue-rent.gr\/de\/wp-json\/wp\/v2\/pages\/5569\/revisions"}],"wp:featuredmedia":[{"embeddable":true,"href":"https:\/\/www.blue-rent.gr\/de\/wp-json\/wp\/v2\/media\/5570"}],"wp:attachment":[{"href":"https:\/\/www.blue-rent.gr\/de\/wp-json\/wp\/v2\/media?parent=5569"}],"curies":[{"name":"wp","href":"https:\/\/api.w.org\/{rel}","templated":true}]}}