{"id":5577,"date":"2025-03-21T08:18:46","date_gmt":"2025-03-21T08:18:46","guid":{"rendered":"https:\/\/www.blue-rent.gr\/datenschutz-und-sicherheitsrichtlinien\/"},"modified":"2026-02-05T09:32:53","modified_gmt":"2026-02-05T09:32:53","slug":"datenschutz-und-sicherheitsrichtlinien","status":"publish","type":"page","link":"https:\/\/www.blue-rent.gr\/de\/datenschutz-und-sicherheitsrichtlinien\/","title":{"rendered":"Datenschutz- und Sicherheitsrichtlinien"},"content":{"rendered":"\t\t<div data-elementor-type=\"wp-page\" data-elementor-id=\"5577\" class=\"elementor elementor-5577 elementor-4611\" data-elementor-post-type=\"page\">\n\t\t\t\t<div class=\"elementor-element elementor-element-2e3b7cc e-flex e-con-boxed e-con e-parent\" data-id=\"2e3b7cc\" data-element_type=\"container\" data-settings=\"{&quot;background_background&quot;:&quot;classic&quot;}\">\n\t\t\t\t\t<div class=\"e-con-inner\">\n\t\t\t\t<div class=\"elementor-element elementor-element-cefacd7 elementor-widget elementor-widget-text-editor\" data-id=\"cefacd7\" data-element_type=\"widget\" data-widget_type=\"text-editor.default\">\n\t\t\t\t<div class=\"elementor-widget-container\">\n\t\t\t\t\t\t\t\t\t<p>Vergessen Sie nicht, das f\u00fcr Ihre Bed\u00fcrfnisse passende Versicherungspaket zu w\u00e4hlen.<\/p>\n\t\t\t\t\t\t\t\t<\/div>\n\t\t\t\t<\/div>\n\t\t\t\t\t<\/div>\n\t\t\t\t<\/div>\n\t\t<div class=\"elementor-element elementor-element-20f52be e-flex e-con-boxed e-con e-parent\" data-id=\"20f52be\" data-element_type=\"container\">\n\t\t\t\t\t<div class=\"e-con-inner\">\n\t\t\t\t<div class=\"elementor-element elementor-element-b16d8a9 link-black elementor-widget elementor-widget-text-editor\" data-id=\"b16d8a9\" data-element_type=\"widget\" data-widget_type=\"text-editor.default\">\n\t\t\t\t<div class=\"elementor-widget-container\">\n\t\t\t\t\t\t\t\t\t<p>F\u00fcr unsere Besucher und Kunden von Car Rental Thessaloniki sind Datenschutz und Sicherheit unsere oberste Priorit\u00e4t. Alle Ihre personenbezogenen Daten, die wir \u00fcber unsere Webseite oder andere Quellen erfassen, werden sicher gespeichert und ausschlie\u00dflich f\u00fcr Identifizierungszwecke verwendet.<br \/>\nNur autorisiertes Personal hat Zugriff auf diese Daten.Ihre personenbezogenen Daten oder Teile davon werden nicht verkauft oder an Dritte oder nicht autorisierte Mitarbeiter weitergegeben.<br \/>\nWir garantieren, dass diese Datenschutz- und Sicherheitsrichtlinie nicht ge\u00e4ndert wird, und wir im Falle einer teilweisen \u00c4nderung unsere Kunden informieren, indem wir entsprechende E-Mails versenden oder eine deutlich hervorgehobene Mitteilung auf unserer Webseite platzieren.<br \/>\nFalls Sie Fragen zu unserer Datenschutzrichtlinie und zum Online-Reservierungsprozess haben, k\u00f6nnen Sie uns rund um die Uhr \u00fcber unser<a href=\"https:\/\/www.blue-rent.gr\/de\/kontakt-2\/\" target=\"_blank\" rel=\"noopener\">Kontaktformular <\/a>\u00a0oder direkt telefonisch erreichen: +30 2310 819990.<\/p>\n\t\t\t\t\t\t\t\t<\/div>\n\t\t\t\t<\/div>\n\t\t\t\t\t<\/div>\n\t\t\t\t<\/div>\n\t\t\t\t<\/div>\n\t\t","protected":false},"excerpt":{"rendered":"<p>Vergessen Sie nicht, das f\u00fcr Ihre Bed\u00fcrfnisse passende Versicherungspaket zu w\u00e4hlen. F\u00fcr unsere Besucher und Kunden von Car Rental Thessaloniki sind Datenschutz und Sicherheit unsere oberste Priorit\u00e4t. Alle Ihre personenbezogenen Daten, die wir \u00fcber unsere Webseite oder andere Quellen erfassen, werden sicher gespeichert und ausschlie\u00dflich f\u00fcr Identifizierungszwecke verwendet. Nur autorisiertes Personal hat Zugriff auf diese [&hellip;]<\/p>\n","protected":false},"author":4,"featured_media":0,"parent":0,"menu_order":0,"comment_status":"closed","ping_status":"closed","template":"tpl-default-elementor.php","meta":{"_acf_changed":false,"footnotes":""},"class_list":["post-5577","page","type-page","status-publish","hentry"],"acf":[],"aioseo_notices":[],"_links":{"self":[{"href":"https:\/\/www.blue-rent.gr\/de\/wp-json\/wp\/v2\/pages\/5577","targetHints":{"allow":["GET"]}}],"collection":[{"href":"https:\/\/www.blue-rent.gr\/de\/wp-json\/wp\/v2\/pages"}],"about":[{"href":"https:\/\/www.blue-rent.gr\/de\/wp-json\/wp\/v2\/types\/page"}],"author":[{"embeddable":true,"href":"https:\/\/www.blue-rent.gr\/de\/wp-json\/wp\/v2\/users\/4"}],"replies":[{"embeddable":true,"href":"https:\/\/www.blue-rent.gr\/de\/wp-json\/wp\/v2\/comments?post=5577"}],"version-history":[{"count":0,"href":"https:\/\/www.blue-rent.gr\/de\/wp-json\/wp\/v2\/pages\/5577\/revisions"}],"wp:attachment":[{"href":"https:\/\/www.blue-rent.gr\/de\/wp-json\/wp\/v2\/media?parent=5577"}],"curies":[{"name":"wp","href":"https:\/\/api.w.org\/{rel}","templated":true}]}}