{"id":5579,"date":"2022-05-16T07:58:32","date_gmt":"2022-05-16T07:58:32","guid":{"rendered":"https:\/\/www.blue-rent.gr\/datenschutzrichtlinie\/"},"modified":"2026-02-05T09:31:55","modified_gmt":"2026-02-05T09:31:55","slug":"datenschutzrichtlinie","status":"publish","type":"page","link":"https:\/\/www.blue-rent.gr\/de\/datenschutzrichtlinie\/","title":{"rendered":"Datenschutzrichtlinie"},"content":{"rendered":"\t\t<div data-elementor-type=\"wp-page\" data-elementor-id=\"5579\" class=\"elementor elementor-5579 elementor-3\" data-elementor-post-type=\"page\">\n\t\t\t\t<div class=\"elementor-element elementor-element-300ccb6 terms-lists e-flex e-con-boxed e-con e-parent\" data-id=\"300ccb6\" data-element_type=\"container\">\n\t\t\t\t\t<div class=\"e-con-inner\">\n\t\t\t\t<div class=\"elementor-element elementor-element-5978727 elementor-widget elementor-widget-heading\" data-id=\"5978727\" data-element_type=\"widget\" data-widget_type=\"heading.default\">\n\t\t\t\t<div class=\"elementor-widget-container\">\n\t\t\t\t\t<h2 class=\"elementor-heading-title elementor-size-default\">Datenschutzrichtlinie<\/h2>\t\t\t\t<\/div>\n\t\t\t\t<\/div>\n\t\t\t\t<div class=\"elementor-element elementor-element-d47298f elementor-widget elementor-widget-text-editor\" data-id=\"d47298f\" data-element_type=\"widget\" data-widget_type=\"text-editor.default\">\n\t\t\t\t<div class=\"elementor-widget-container\">\n\t\t\t\t\t\t\t\t\t<p>Seit dem 25.05.2018 ist die neue Verordnung 2016\/679\/EU \u00fcber den Schutz personenbezogener Daten in Kraft getreten, mit dem Hauptziel, diesen Schutz in allen Mitgliedstaaten der EU zu st\u00e4rken.<\/p>\n<p>Technologische Entwicklungen und die Globalisierung haben neue Herausforderungen im Hinblick auf den Schutz personenbezogener Daten mit sich gebracht. Personenbezogene Daten sind Teil des Alltags nat\u00fcrlicher Personen, da sie entweder dazu beitragen oder f\u00fcr die gesch\u00e4ftliche und betriebliche T\u00e4tigkeit von Unternehmen und der Wirtschaft insgesamt notwendig sind. Dennoch ist der Schutz nat\u00fcrlicher Personen in Bezug auf die \u201eVerarbeitung\u201c ihrer personenbezogenen Daten ein grundlegendes Recht eines jeden Einzelnen. Aus diesem Grund sollten sie die vollst\u00e4ndige Kontrolle und den Zugang zu diesen Daten haben.<\/p>\n\t\t\t\t\t\t\t\t<\/div>\n\t\t\t\t<\/div>\n\t\t\t\t<div class=\"elementor-element elementor-element-826be74 elementor-widget elementor-widget-n-accordion\" data-id=\"826be74\" data-element_type=\"widget\" data-settings='{\"default_state\":\"expanded\",\"max_items_expended\":\"one\",\"n_accordion_animation_duration\":{\"unit\":\"ms\",\"size\":400,\"sizes\":[]}}' data-widget_type=\"nested-accordion.default\">\n\t\t\t\t<div class=\"elementor-widget-container\">\n\t\t\t\t\t\t\t<div class=\"e-n-accordion\" aria-label=\"Accordion. Open links with Enter or Space, close with Escape, and navigate with Arrow Keys\" role=\"region\">\n\t\t\t\t\t\t<details id=\"e-n-accordion-item-1360\" class=\"e-n-accordion-item\" open>\n\t\t\t\t<summary class=\"e-n-accordion-item-title\" data-accordion-index=\"1\" tabindex=\"0\">\n\t\t\t\t\t<span class=\"e-n-accordion-item-title-header\"><span class=\"e-n-accordion-item-title-text\"> \u00dcBER UNSER UNTERNEHMEN <\/span><\/span>\n\t\t\t\t\t\t\t<span class=\"e-n-accordion-item-title-icon\">\n\t\t\t<span class=\"e-opened\"><i aria-hidden=\"true\" class=\"jki jki-down-arrow1-light\"><\/i><\/span>\n\t\t\t<span class=\"e-closed\"><i aria-hidden=\"true\" class=\"jki jki-up-arrow1-light\"><\/i><\/span>\n\t\t<\/span>\n\n\t\t\t\t\t\t<\/summary>\n\t\t\t\t<div role=\"region\" aria-labelledby=\"e-n-accordion-item-1360\" class=\"elementor-element elementor-element-a329bc2 e-con-full e-flex e-con e-child\" data-id=\"a329bc2\" data-element_type=\"container\">\n\t\t\t\t<div class=\"elementor-element elementor-element-a15fc70 elementor-widget elementor-widget-text-editor\" data-id=\"a15fc70\" data-element_type=\"widget\" data-widget_type=\"text-editor.default\">\n\t\t\t\t<div class=\"elementor-widget-container\">\n\t\t\t\t\t\t\t\t\t<p>F\u00fcr unser Unternehmen ist der Schutz personenbezogener Daten ein grundlegendes Prinzip und ein Vertrauensfaktor f\u00fcr unsere Mitarbeiter, Kunden und Lieferanten.<\/p>\n<p>Car Hire Thessaloniki ist bekannt f\u00fcr ihre Qualit\u00e4t und unschlagbaren Preise im Bereich der Autovermietung. Unser spezialisiertes Personal hat es sich zur Priorit\u00e4t gemacht, Mietwagen bereitzustellen, die den Bed\u00fcrfnissen unserer Kunden entsprechen, und bietet Mobilit\u00e4tsl\u00f6sungen f\u00fcr Urlaub oder gesch\u00e4ftliche Anforderungen zu einem g\u00fcnstigen Preis.<\/p>\n<p>Unser Unternehmen respektiert die neue Verordnung sowie Ihre personenbezogenen Daten und setzt diese unverz\u00fcglich um. In diesem Rahmen informieren wir Sie \u00fcber die wichtigsten Punkte der einschl\u00e4gigen Gesetzgebung, um unsere Zusammenarbeit fortsetzen zu k\u00f6nnen.<\/p>\n\t\t\t\t\t\t\t\t<\/div>\n\t\t\t\t<\/div>\n\t\t\t\t<\/div>\n\t\t\t\t\t<\/details>\n\t\t\t\t\t\t<details id=\"e-n-accordion-item-1361\" class=\"e-n-accordion-item\">\n\t\t\t\t<summary class=\"e-n-accordion-item-title\" data-accordion-index=\"2\" tabindex=\"-1\">\n\t\t\t\t\t<span class=\"e-n-accordion-item-title-header\"><span class=\"e-n-accordion-item-title-text\"> DATEN, DIE WIR ERHEBEN <\/span><\/span>\n\t\t\t\t\t\t\t<span class=\"e-n-accordion-item-title-icon\">\n\t\t\t<span class=\"e-opened\"><i aria-hidden=\"true\" class=\"jki jki-down-arrow1-light\"><\/i><\/span>\n\t\t\t<span class=\"e-closed\"><i aria-hidden=\"true\" class=\"jki jki-up-arrow1-light\"><\/i><\/span>\n\t\t<\/span>\n\n\t\t\t\t\t\t<\/summary>\n\t\t\t\t<div role=\"region\" aria-labelledby=\"e-n-accordion-item-1361\" class=\"elementor-element elementor-element-aab04b5 e-con-full e-flex e-con e-child\" data-id=\"aab04b5\" data-element_type=\"container\">\n\t\t\t\t<div class=\"elementor-element elementor-element-23189e5 elementor-widget elementor-widget-text-editor\" data-id=\"23189e5\" data-element_type=\"widget\" data-widget_type=\"text-editor.default\">\n\t\t\t\t<div class=\"elementor-widget-container\">\n\t\t\t\t\t\t\t\t\t<p>Im Rahmen unserer Zusammenarbeit erheben und verarbeiten wir personenbezogene Daten, um unsere Gesch\u00e4ftsbeziehung besser zu organisieren, Ihnen einen besseren Service zu bieten und Sie zu informieren. Zu den Informationen\/Daten, die wir erheben, geh\u00f6ren beispielhaft: Vorname, Nachname, Vatername, Berufsbezeichnung, Geschlecht, Steuer-ID, Personalausweisnummer, Geburtsdatum und -ort, E-Mail, Telefon etc.<\/p>\n<p>In jedem Fall erheben wir Daten nur mit Ihrer ausdr\u00fccklichen Zustimmung. Au\u00dferdem geben wir diese nicht an Dritte weiter oder \u00fcbertragen sie an Dritte, ohne Ihre vorherige Zustimmung. Es kann jedoch erforderlich sein, diese an Dritte oder Einrichtungen weiterzugeben, um sicherzustellen, dass bei der Durchf\u00fchrung unserer Zusammenarbeit keine St\u00f6rungen auftreten.<\/p>\n\t\t\t\t\t\t\t\t<\/div>\n\t\t\t\t<\/div>\n\t\t\t\t<\/div>\n\t\t\t\t\t<\/details>\n\t\t\t\t\t\t<details id=\"e-n-accordion-item-1362\" class=\"e-n-accordion-item\">\n\t\t\t\t<summary class=\"e-n-accordion-item-title\" data-accordion-index=\"3\" tabindex=\"-1\">\n\t\t\t\t\t<span class=\"e-n-accordion-item-title-header\"><span class=\"e-n-accordion-item-title-text\"> VERWENDUNG DER DATEN <\/span><\/span>\n\t\t\t\t\t\t\t<span class=\"e-n-accordion-item-title-icon\">\n\t\t\t<span class=\"e-opened\"><i aria-hidden=\"true\" class=\"jki jki-down-arrow1-light\"><\/i><\/span>\n\t\t\t<span class=\"e-closed\"><i aria-hidden=\"true\" class=\"jki jki-up-arrow1-light\"><\/i><\/span>\n\t\t<\/span>\n\n\t\t\t\t\t\t<\/summary>\n\t\t\t\t<div role=\"region\" aria-labelledby=\"e-n-accordion-item-1362\" class=\"elementor-element elementor-element-41e8539 e-con-full e-flex e-con e-child\" data-id=\"41e8539\" data-element_type=\"container\">\n\t\t\t\t<div class=\"elementor-element elementor-element-ea9e091 elementor-widget elementor-widget-text-editor\" data-id=\"ea9e091\" data-element_type=\"widget\" data-widget_type=\"text-editor.default\">\n\t\t\t\t<div class=\"elementor-widget-container\">\n\t\t\t\t\t\t\t\t\t<p>Ihre personenbezogenen Daten werden nur f\u00fcr bestimmte und speziell genannte Zwecke erhoben und verwendet. Insbesondere:<\/p>\n<ol start=\"1\">\n<li>Wenn es notwendig ist, um einen Vertrag abzuschlie\u00dfen und auszuf\u00fchren, an dem Sie beteiligt sind<\/li>\n<li>Wenn wir ein berechtigtes Interesse daran haben, dies zu tun<\/li>\n<li>Um Sie \u00fcber neue Programme, Aktionen und Ma\u00dfnahmen zu informieren.<\/li>\n<\/ol>\n\t\t\t\t\t\t\t\t<\/div>\n\t\t\t\t<\/div>\n\t\t\t\t<\/div>\n\t\t\t\t\t<\/details>\n\t\t\t\t\t\t<details id=\"e-n-accordion-item-1363\" class=\"e-n-accordion-item\">\n\t\t\t\t<summary class=\"e-n-accordion-item-title\" data-accordion-index=\"4\" tabindex=\"-1\">\n\t\t\t\t\t<span class=\"e-n-accordion-item-title-header\"><span class=\"e-n-accordion-item-title-text\"> AUFBEWAHRUNG DER DATEN <\/span><\/span>\n\t\t\t\t\t\t\t<span class=\"e-n-accordion-item-title-icon\">\n\t\t\t<span class=\"e-opened\"><i aria-hidden=\"true\" class=\"jki jki-down-arrow1-light\"><\/i><\/span>\n\t\t\t<span class=\"e-closed\"><i aria-hidden=\"true\" class=\"jki jki-up-arrow1-light\"><\/i><\/span>\n\t\t<\/span>\n\n\t\t\t\t\t\t<\/summary>\n\t\t\t\t<div role=\"region\" aria-labelledby=\"e-n-accordion-item-1363\" class=\"elementor-element elementor-element-7fe5f9a e-con-full e-flex e-con e-child\" data-id=\"7fe5f9a\" data-element_type=\"container\">\n\t\t\t\t<div class=\"elementor-element elementor-element-f17e80c elementor-widget elementor-widget-text-editor\" data-id=\"f17e80c\" data-element_type=\"widget\" data-widget_type=\"text-editor.default\">\n\t\t\t\t<div class=\"elementor-widget-container\">\n\t\t\t\t\t\t\t\t\t<p>Wir bewahren Ihre personenbezogenen Daten so lange auf, wie es erforderlich ist, um die oben genannten Zwecke zu erf\u00fcllen und umzusetzen.<\/p>\n<p>Diese Daten werden grunds\u00e4tzlich w\u00e4hrend der gesamten Laufzeit und bis zur Beendigung unserer Vereinbarung\/Partnerschaft sowie f\u00fcr den Zeitraum aufbewahrt, der gesetzlich f\u00fcr steuerliche Zwecke erforderlich ist. Nach Ablauf dieses Zeitraums l\u00f6schen wir die Daten. Nur in Ausnahmef\u00e4llen werden wir weiterhin personenbezogene Daten nach Ablauf dieser Frist verarbeiten, und zwar speziell:<\/p>\n<ol start=\"1\">\n<li>F\u00fcr statistische Zwecke<\/li>\n<li>Informationen, die notwendig sind, um gesetzliche Verpflichtungen zu erf\u00fcllen<\/li>\n<li>Daten, die erforderlich sind, um unsere rechtlichen Anspr\u00fcche durchzusetzen<\/li>\n<\/ol>\n\t\t\t\t\t\t\t\t<\/div>\n\t\t\t\t<\/div>\n\t\t\t\t<\/div>\n\t\t\t\t\t<\/details>\n\t\t\t\t\t\t<details id=\"e-n-accordion-item-1364\" class=\"e-n-accordion-item\">\n\t\t\t\t<summary class=\"e-n-accordion-item-title\" data-accordion-index=\"5\" tabindex=\"-1\">\n\t\t\t\t\t<span class=\"e-n-accordion-item-title-header\"><span class=\"e-n-accordion-item-title-text\"> IHRE GESETZLICHEN RECHTE <\/span><\/span>\n\t\t\t\t\t\t\t<span class=\"e-n-accordion-item-title-icon\">\n\t\t\t<span class=\"e-opened\"><i aria-hidden=\"true\" class=\"jki jki-down-arrow1-light\"><\/i><\/span>\n\t\t\t<span class=\"e-closed\"><i aria-hidden=\"true\" class=\"jki jki-up-arrow1-light\"><\/i><\/span>\n\t\t<\/span>\n\n\t\t\t\t\t\t<\/summary>\n\t\t\t\t<div role=\"region\" aria-labelledby=\"e-n-accordion-item-1364\" class=\"elementor-element elementor-element-aa4ce64 e-con-full e-flex e-con e-child\" data-id=\"aa4ce64\" data-element_type=\"container\">\n\t\t\t\t<div class=\"elementor-element elementor-element-a186f9f elementor-widget elementor-widget-text-editor\" data-id=\"a186f9f\" data-element_type=\"widget\" data-widget_type=\"text-editor.default\">\n\t\t\t\t<div class=\"elementor-widget-container\">\n\t\t\t\t\t\t\t\t\t<p>Gem\u00e4\u00df der neuen Verordnung werden erweiterte Rechte in Bezug auf Ihre personenbezogenen Daten festgelegt und garantiert.<\/p>\n<ol start=\"1\">\n<li>Zugangrecht: Sie haben das Recht, \u00fcber die Erhebung und Verarbeitung Ihrer personenbezogenen Daten durch unser Unternehmen informiert zu werden, sowie das Recht, eine Kopie dieser Daten zu erhalten.<\/li>\n<li>Recht auf Berichtigung: Sie haben das Recht, eventuelle Fehler in Bezug auf Ihre personenbezogenen Daten zu aktualisieren und zu korrigieren.<\/li>\n<li>Recht auf L\u00f6schung: Sie k\u00f6nnen die L\u00f6schung Ihrer Daten von unserem Unternehmen verlangen. In Ausnahmef\u00e4llen k\u00f6nnen wir die L\u00f6schung gem\u00e4\u00df geltendem Recht ablehnen.<\/li>\n<li>Recht auf Einschr\u00e4nkung der Verarbeitung: Sie haben das Recht, die Einschr\u00e4nkung der Verarbeitung Ihrer personenbezogenen Daten durch unser Unternehmen zu beantragen.<\/li>\n<li>Recht auf Daten\u00fcbertragbarkeit: Sie haben das Recht, die personenbezogenen Daten, die Sie uns zur Verf\u00fcgung gestellt haben, in einem strukturierten, g\u00e4ngigen und maschinenlesbaren Format zu erhalten.<\/li>\n<li>Widerspruchsrecht: Sie haben das Recht, der Verarbeitung Ihrer Daten f\u00fcr bestimmte Zwecke zu widersprechen, z.B. f\u00fcr kommerzielle, werbliche oder statistische Zwecke.<\/li>\n<\/ol>\n\t\t\t\t\t\t\t\t<\/div>\n\t\t\t\t<\/div>\n\t\t\t\t<\/div>\n\t\t\t\t\t<\/details>\n\t\t\t\t\t<\/div>\n\t\t\t\t\t\t<\/div>\n\t\t\t\t<\/div>\n\t\t\t\t<div class=\"elementor-element elementor-element-62f0737 elementor-widget elementor-widget-text-editor\" data-id=\"62f0737\" data-element_type=\"widget\" data-widget_type=\"text-editor.default\">\n\t\t\t\t<div class=\"elementor-widget-container\">\n\t\t\t\t\t\t\t\t\t<p>F\u00fcr alle Informationen bez\u00fcglich der Datenschutzrichtlinie unseres Unternehmens sowie zur Aus\u00fcbung der oben genannten und beschriebenen Rechte, k\u00f6nnen Sie sich an den Datenschutzbeauftragten unseres Unternehmens, Herrn Apostolos Vlachos, per E-Mail unter <a href=\"mailto:dpo@prostasiadedomenon.gr\">dpo@prostasiadedomenon.gr<\/a> oder telefonisch unter der Nummer +30211 11 33583 wenden.<\/p>\n<p>In jedem Fall k\u00f6nnen Sie eine Beschwerde bei der Datenschutzbeh\u00f6rde einreichen, wenn Sie der Ansicht sind, dass die Erhebung und Verarbeitung Ihrer Daten gegen die geltende Gesetzgebung verst\u00f6\u00dft.<\/p>\n\t\t\t\t\t\t\t\t<\/div>\n\t\t\t\t<\/div>\n\t\t\t\t<div class=\"elementor-element elementor-element-e050276 elementor-widget elementor-widget-heading\" data-id=\"e050276\" data-element_type=\"widget\" data-widget_type=\"heading.default\">\n\t\t\t\t<div class=\"elementor-widget-container\">\n\t\t\t\t\t<h2 class=\"elementor-heading-title elementor-size-default\">GDPR-Einwilligung<\/h2>\t\t\t\t<\/div>\n\t\t\t\t<\/div>\n\t\t\t\t<div class=\"elementor-element elementor-element-abf9c97 elementor-widget elementor-widget-text-editor\" data-id=\"abf9c97\" data-element_type=\"widget\" data-widget_type=\"text-editor.default\">\n\t\t\t\t<div class=\"elementor-widget-container\">\n\t\t\t\t\t\t\t\t\t<p>Wir erinnern Sie daran, dass die Verordnung zum Schutz personenbezogener Daten am Freitag, dem 25. Mai 2018, in Kraft getreten ist. Auf Grundlage der neuen Verordnung EU 2016\/679 zum Schutz personenbezogener Daten (GDPR) hat unser Unternehmen die Datenschutzrichtlinie gem\u00e4\u00df dem geltenden Rahmen angepasst. Im Rahmen dieser Ma\u00dfnahmen stellen wir den Schutz Ihrer personenbezogenen Daten sicher, sowohl bei der Erhebung als auch bei der Verarbeitung.<\/p>\r\n<p>Ihre Daten werden nicht an Dritte weitergegeben, und Sie k\u00f6nnen diese jederzeit einsehen, aktualisieren oder l\u00f6schen, indem Sie uns eine E-Mail an <a href=\"mailto:carhirethessaloniki@prostasiadedomenon.gr\">carhirethessaloniki@prostasiadedomenon.gr<\/a> mit dem Betreff \"L\u00f6schung personenbezogener Daten\" senden.<\/p>\r\n<p>Der Datenschutzbeauftragte unseres Unternehmens ist Herr Apostolos Vlachos, der das Unternehmen EMERAV vertritt. Die Kontaktadresse lautet: Athen, Leof. Kifisou 48, Peristeri, Tel. +30215 5050 115.<\/p>\r\n<p><strong>Information vor der Einwilligung<\/strong> Unsere Datenbank enth\u00e4lt Ihre Kontaktdaten, die wir ausschlie\u00dflich f\u00fcr unsere Zusammenarbeit im Hinblick auf die Information \u00fcber Angelegenheiten unserer gesch\u00e4ftlichen oder vertraglichen Zusammenarbeit sowie f\u00fcr die Aktionen und Veranstaltungen unseres Unternehmens verwenden. Ihre Daten werden sowohl in elektronischer als auch in gedruckter Form gespeichert und nicht an Dritte weitergegeben. Die gesammelten Daten werden ausschlie\u00dflich f\u00fcr den oben genannten Zweck verwendet und verbleiben f\u00fcr 2 Jahre in unserer Datenbank. Sie k\u00f6nnen jederzeit alle oder einen Teil der folgenden Einwilligungen widerrufen. Der Widerruf der Einwilligung ber\u00fchrt nicht die Rechtm\u00e4\u00dfigkeit der bereits erfolgten Verarbeitung. Sie k\u00f6nnen jederzeit mit einer schriftlichen Anfrage an unser Unternehmen folgende Rechte aus\u00fcben:<\/p>\r\n<ol start=\"1\">\r\n  <li><strong>Recht auf Zugang<\/strong>: Sie haben das Recht, \u00fcber die Erhebung und Verarbeitung Ihrer personenbezogenen Daten durch unser Unternehmen informiert zu werden und eine Kopie dieser Daten zu erhalten.<\/li>\r\n  <li><strong>Recht auf Berichtigung<\/strong>: Sie haben das Recht, etwaige Fehler in Bezug auf Ihre personenbezogenen Daten zu korrigieren.<\/li>\r\n  <li><strong>Recht auf L\u00f6schung<\/strong>: Sie k\u00f6nnen die L\u00f6schung Ihrer Daten von unserem Unternehmen verlangen. In Ausnahmef\u00e4llen k\u00f6nnen wir die L\u00f6schung gem\u00e4\u00df geltendem Recht ablehnen.<\/li>\r\n  <li><strong>Recht auf Einschr\u00e4nkung der Verarbeitung<\/strong>: Sie haben das Recht, die Einschr\u00e4nkung der Verarbeitung Ihrer personenbezogenen Daten durch unser Unternehmen zu beantragen.<\/li>\r\n  <li><strong>Recht auf Daten\u00fcbertragbarkeit<\/strong>: Sie haben das Recht, die personenbezogenen Daten, die Sie uns zur Verf\u00fcgung gestellt haben, in einem strukturierten, g\u00e4ngigen und maschinenlesbaren Format zu erhalten.<\/li>\r\n  <li><strong>Widerspruchsrecht<\/strong>: Sie haben das Recht, der Verarbeitung Ihrer Daten f\u00fcr bestimmte Zwecke zu widersprechen, z.B. f\u00fcr kommerzielle, werbliche oder statistische Zwecke.<\/li>\r\n<\/ol>\r\n<p>Wir informieren Sie, dass im Falle der Notwendigkeit der Weitergabe von Daten zur Begr\u00fcndung, Aus\u00fcbung oder Unterst\u00fctzung von rechtlichen Anspr\u00fcchen vor Gericht oder au\u00dfergerichtlich das berechtigte Interesse unseres Unternehmens \u00fcberwiegt und das Widerspruchsrecht, das Sie m\u00f6glicherweise aus\u00fcben, nicht ber\u00fccksichtigt werden kann. Falls Sie der Meinung sind, dass Ihre personenbezogenen Daten in irgendeiner Weise verletzt werden, k\u00f6nnen Sie jederzeit eine Beschwerde bei der Datenschutzbeh\u00f6rde einreichen (<a href=\"http:\/\/www.dpa.gr\/\">www.dpa.gr<\/a>).<\/p>\r\n<p><a href=\"https:\/\/www.prostasiadedomenon.gr\/p\/bluerent\/\">https:\/\/www.prostasiadedomenon.gr\/p\/bluerent\/<\/a><\/p>\r\n\t\t\t\t\t\t\t\t<\/div>\n\t\t\t\t<\/div>\n\t\t\t\t\t<\/div>\n\t\t\t\t<\/div>\n\t\t\t\t<\/div>\n\t\t","protected":false},"excerpt":{"rendered":"<p>Datenschutzrichtlinie Seit dem 25.05.2018 ist die neue Verordnung 2016\/679\/EU \u00fcber den Schutz personenbezogener Daten in Kraft getreten, mit dem Hauptziel, diesen Schutz in allen Mitgliedstaaten der EU zu st\u00e4rken. Technologische Entwicklungen und die Globalisierung haben neue Herausforderungen im Hinblick auf den Schutz personenbezogener Daten mit sich gebracht. Personenbezogene Daten sind Teil des Alltags nat\u00fcrlicher Personen, [&hellip;]<\/p>\n","protected":false},"author":1,"featured_media":0,"parent":0,"menu_order":0,"comment_status":"closed","ping_status":"closed","template":"tpl-default-elementor.php","meta":{"_acf_changed":false,"footnotes":""},"class_list":["post-5579","page","type-page","status-publish","hentry"],"acf":[],"aioseo_notices":[],"_links":{"self":[{"href":"https:\/\/www.blue-rent.gr\/de\/wp-json\/wp\/v2\/pages\/5579","targetHints":{"allow":["GET"]}}],"collection":[{"href":"https:\/\/www.blue-rent.gr\/de\/wp-json\/wp\/v2\/pages"}],"about":[{"href":"https:\/\/www.blue-rent.gr\/de\/wp-json\/wp\/v2\/types\/page"}],"author":[{"embeddable":true,"href":"https:\/\/www.blue-rent.gr\/de\/wp-json\/wp\/v2\/users\/1"}],"replies":[{"embeddable":true,"href":"https:\/\/www.blue-rent.gr\/de\/wp-json\/wp\/v2\/comments?post=5579"}],"version-history":[{"count":0,"href":"https:\/\/www.blue-rent.gr\/de\/wp-json\/wp\/v2\/pages\/5579\/revisions"}],"wp:attachment":[{"href":"https:\/\/www.blue-rent.gr\/de\/wp-json\/wp\/v2\/media?parent=5579"}],"curies":[{"name":"wp","href":"https:\/\/api.w.org\/{rel}","templated":true}]}}