{"id":5598,"date":"2025-03-24T14:44:21","date_gmt":"2025-03-24T14:44:21","guid":{"rendered":"https:\/\/www.blue-rent.gr\/partner\/"},"modified":"2026-02-05T07:38:10","modified_gmt":"2026-02-05T07:38:10","slug":"partner","status":"publish","type":"page","link":"https:\/\/www.blue-rent.gr\/de\/partner\/","title":{"rendered":"Partner"},"content":{"rendered":"\t\t<div data-elementor-type=\"wp-page\" data-elementor-id=\"5598\" class=\"elementor elementor-5598 elementor-4853\" data-elementor-post-type=\"page\">\n\t\t\t\t<div class=\"elementor-element elementor-element-33c4b43 e-flex e-con-boxed e-con e-parent\" data-id=\"33c4b43\" data-element_type=\"container\">\n\t\t\t\t\t<div class=\"e-con-inner\">\n\t\t\t\t<div class=\"elementor-element elementor-element-f8711ad elementor-posts--align-left elementor-grid-1 elementor-posts--thumbnail-left partners-archive elementor-grid-tablet-2 elementor-grid-mobile-1 elementor-widget elementor-widget-posts\" data-id=\"f8711ad\" data-element_type=\"widget\" data-settings=\"{&quot;classic_columns&quot;:&quot;1&quot;,&quot;classic_columns_tablet&quot;:&quot;2&quot;,&quot;classic_columns_mobile&quot;:&quot;1&quot;,&quot;classic_row_gap&quot;:{&quot;unit&quot;:&quot;px&quot;,&quot;size&quot;:35,&quot;sizes&quot;:[]},&quot;classic_row_gap_tablet&quot;:{&quot;unit&quot;:&quot;px&quot;,&quot;size&quot;:&quot;&quot;,&quot;sizes&quot;:[]},&quot;classic_row_gap_mobile&quot;:{&quot;unit&quot;:&quot;px&quot;,&quot;size&quot;:&quot;&quot;,&quot;sizes&quot;:[]}}\" data-widget_type=\"posts.classic\">\n\t\t\t\t<div class=\"elementor-widget-container\">\n\t\t\t\t\t\t\t<div class=\"elementor-posts-container elementor-posts elementor-posts--skin-classic elementor-grid\">\r\n\t\t\t\t<article class=\"elementor-post elementor-grid-item post-5563 partner type-partner status-publish has-post-thumbnail hentry\">\r\n\t\t\t\t\r\n\t\t<a class=\"elementor-post__thumbnail__link\"\r\n\t\t\thref=\"https:\/\/www.blue-rent.gr\/de\/partner\/far-beyond\/\"\r\n\t\t\taria-label=\"\u0386\u03bd\u03bf\u03b9\u03b3\u03bc\u03b1 \u03c3\u03c5\u03bd\u03b5\u03c1\u03b3\u03ac\u03c4\u03b7: Far &#038; Beyond\"\r\n\t\t\ttitle=\"\u0386\u03bd\u03bf\u03b9\u03b3\u03bc\u03b1 \u03c3\u03c5\u03bd\u03b5\u03c1\u03b3\u03ac\u03c4\u03b7: Far &#038; Beyond\"\r\n\t\t\t>\r\n\r\n\t\t\t<div class=\"elementor-post__thumbnail\"><img loading=\"lazy\" decoding=\"async\" width=\"340\" height=\"224\" src=\"https:\/\/www.blue-rent.gr\/wp-content\/uploads\/2025\/03\/FarBeyond-340x224.jpg\" class=\"attachment-lanong_340x287 size-lanong_340x287 wp-image-5564\" alt=\"Far&#038;Beyond\" title=\"Far&#038;Beyond\" \/><\/div>\r\n\t\t<\/a>\r\n\t\t\t\t<div class=\"elementor-post__text\">\r\n\t\t\t\t<h2 class=\"elementor-post__title\">\r\n\t\t\t<a href=\"https:\/\/www.blue-rent.gr\/de\/partner\/far-beyond\/\" >\r\n\t\t\t\tFar &#038; Beyond\t\t\t<\/a>\r\n\t\t<\/h2>\r\n\t\t\t\t<div class=\"elementor-post__excerpt\">\r\n\t\t\t<p>Das Immobilienverwaltungsunternehmen Far &amp; Beyond, das im Bereich der professionellen Gastfreundschaft t\u00e4tig ist, hat seinen Sitz in der Stadt Thessaloniki. Es ist in den Regionen von Thessaloniki, Chalkidiki, Peraia sowie in anderen Gebieten wie Kavala, Rhodos, Tinos, Kyparissia und Kaimaktsalan t\u00e4tig und hat\u2026 +30 2310 517159 www.farandbeyond.gr info@farandbeyond.gr<\/p>\n\t\t<\/div>\r\n\t\t\r\n\t\t<a class=\"elementor-post__read-more\" href=\"https:\/\/www.blue-rent.gr\/de\/partner\/far-beyond\/\" aria-label=\"Mehr \u00fcber Far &#038; Beyond\" tabindex=\"-1\" >\r\n\t\t\t<span class=\"elementor-icon-list-icon\"> \t\t\t\t\t\t\t<span aria-hidden=\"true\" class=\"far fa-arrow-alt-circle-right\"><\/span> \u03a0\u03b5\u03c1\u03b9\u03c3\u03c3\u03cc\u03c4\u03b5\u03c1\u03b1\t\t<\/a>\r\n\r\n\t\t\t\t<\/div>\r\n\t\t\t\t<\/article>\r\n\t\t\t\t<article class=\"elementor-post elementor-grid-item post-5565 partner type-partner status-publish has-post-thumbnail hentry\">\r\n\t\t\t\t\r\n\t\t<a class=\"elementor-post__thumbnail__link\"\r\n\t\t\thref=\"https:\/\/www.blue-rent.gr\/de\/partner\/georgalas-sun-beach-resort\/\"\r\n\t\t\taria-label=\"\u0386\u03bd\u03bf\u03b9\u03b3\u03bc\u03b1 \u03c3\u03c5\u03bd\u03b5\u03c1\u03b3\u03ac\u03c4\u03b7: Georgalas Sun Beach Resort\"\r\n\t\t\ttitle=\"\u0386\u03bd\u03bf\u03b9\u03b3\u03bc\u03b1 \u03c3\u03c5\u03bd\u03b5\u03c1\u03b3\u03ac\u03c4\u03b7: Georgalas Sun Beach Resort\"\r\n\t\t\t>\r\n\r\n\t\t\t<div class=\"elementor-post__thumbnail\"><img loading=\"lazy\" decoding=\"async\" width=\"340\" height=\"225\" src=\"https:\/\/www.blue-rent.gr\/wp-content\/uploads\/2025\/03\/Georgalas-featured-340x225.jpg\" class=\"attachment-lanong_340x287 size-lanong_340x287 wp-image-5566\" alt=\"Georgalas-featured\" title=\"Georgalas-featured\" \/><\/div>\r\n\t\t<\/a>\r\n\t\t\t\t<div class=\"elementor-post__text\">\r\n\t\t\t\t<h2 class=\"elementor-post__title\">\r\n\t\t\t<a href=\"https:\/\/www.blue-rent.gr\/de\/partner\/georgalas-sun-beach-resort\/\" >\r\n\t\t\t\tGeorgalas Sun Beach Resort\t\t\t<\/a>\r\n\t\t<\/h2>\r\n\t\t\t\t<div class=\"elementor-post__excerpt\">\r\n\t\t\t<p>Georgalas Sun Beach Resort befindet sich am Geoponikon Strand und besteht aus dem Georgalas Sun Beach Hotel, der Georgalas Sun Beach Villa und den Georgalas Rest Apartments. Komfortable Zimmer mit gro\u00dfen Terrassen und einem fantastischen Meerblick kombiniert mit\u2026 Paralia Geoponikon 630 80 Nea Kallikratia, Chalkidiki Griechenland +30 23990 35 001-2-3 +30 23990 33425 www.hotelgeorgalas.gr info@hotelgeorgalas.gr<\/p>\n\t\t<\/div>\r\n\t\t\r\n\t\t<a class=\"elementor-post__read-more\" href=\"https:\/\/www.blue-rent.gr\/de\/partner\/georgalas-sun-beach-resort\/\" aria-label=\"Mehr \u00fcber Georgalas Sun Beach Resort\" tabindex=\"-1\" >\r\n\t\t\t<span class=\"elementor-icon-list-icon\"> \t\t\t\t\t\t\t<span aria-hidden=\"true\" class=\"far fa-arrow-alt-circle-right\"><\/span> \u03a0\u03b5\u03c1\u03b9\u03c3\u03c3\u03cc\u03c4\u03b5\u03c1\u03b1\t\t<\/a>\r\n\r\n\t\t\t\t<\/div>\r\n\t\t\t\t<\/article>\r\n\t\t\t\t<article class=\"elementor-post elementor-grid-item post-5568 partner type-partner status-publish has-post-thumbnail hentry\">\r\n\t\t\t\t\r\n\t\t<a class=\"elementor-post__thumbnail__link\"\r\n\t\t\thref=\"https:\/\/www.blue-rent.gr\/de\/partner\/secret-paradise-hotel-spa\/\"\r\n\t\t\taria-label=\"\u0386\u03bd\u03bf\u03b9\u03b3\u03bc\u03b1 \u03c3\u03c5\u03bd\u03b5\u03c1\u03b3\u03ac\u03c4\u03b7: Secret Paradise Hotel &#038; Spa\"\r\n\t\t\ttitle=\"\u0386\u03bd\u03bf\u03b9\u03b3\u03bc\u03b1 \u03c3\u03c5\u03bd\u03b5\u03c1\u03b3\u03ac\u03c4\u03b7: Secret Paradise Hotel &#038; Spa\"\r\n\t\t\t>\r\n\r\n\t\t\t<div class=\"elementor-post__thumbnail\"><img loading=\"lazy\" decoding=\"async\" width=\"340\" height=\"287\" src=\"https:\/\/www.blue-rent.gr\/wp-content\/uploads\/2025\/06\/e2bf3b11df0b872112757f1c2fee6e32_M-340x287.jpg\" class=\"attachment-lanong_340x287 size-lanong_340x287 wp-image-5488\" alt=\"e2bf3b11df0b872112757f1c2fee6e32_M\" title=\"e2bf3b11df0b872112757f1c2fee6e32_M\" \/><\/div>\r\n\t\t<\/a>\r\n\t\t\t\t<div class=\"elementor-post__text\">\r\n\t\t\t\t<h2 class=\"elementor-post__title\">\r\n\t\t\t<a href=\"https:\/\/www.blue-rent.gr\/de\/partner\/secret-paradise-hotel-spa\/\" >\r\n\t\t\t\tSecret Paradise Hotel &#038; Spa\t\t\t<\/a>\r\n\t\t<\/h2>\r\n\t\t\t\t<div class=\"elementor-post__excerpt\">\r\n\t\t\t<p>Exzellende Dekoration und perfektes Design sind die Hauptmerkmale der Zimmer im Secret Paradise Hotel &#038; Spa. Wir bieten Ihnen einen entspannenden Aufenthalt mit idyllischem Blick auf den Thermaischen Golf und den Olymp. Die 41 Zimmer des Secret Paradise Hotel &#038; Spa bieten Komfort und sind vollst\u00e4ndig ausgestattet, um Ihren Aufenthalt angenehm und unvergesslich zu machen.<\/p>\n\t\t<\/div>\r\n\t\t\r\n\t\t<a class=\"elementor-post__read-more\" href=\"https:\/\/www.blue-rent.gr\/de\/partner\/secret-paradise-hotel-spa\/\" aria-label=\"Mehr \u00fcber Secret Paradise Hotel &#038; Spa\" tabindex=\"-1\" >\r\n\t\t\t<span class=\"elementor-icon-list-icon\"> \t\t\t\t\t\t\t<span aria-hidden=\"true\" class=\"far fa-arrow-alt-circle-right\"><\/span> \u03a0\u03b5\u03c1\u03b9\u03c3\u03c3\u03cc\u03c4\u03b5\u03c1\u03b1\t\t<\/a>\r\n\r\n\t\t\t\t<\/div>\r\n\t\t\t\t<\/article>\r\n\t\t\t\t<article class=\"elementor-post elementor-grid-item post-5561 partner type-partner status-publish has-post-thumbnail hentry\">\r\n\t\t\t\t\r\n\t\t<a class=\"elementor-post__thumbnail__link\"\r\n\t\t\thref=\"https:\/\/www.blue-rent.gr\/de\/partner\/alkyonis-hotel\/\"\r\n\t\t\taria-label=\"\u0386\u03bd\u03bf\u03b9\u03b3\u03bc\u03b1 \u03c3\u03c5\u03bd\u03b5\u03c1\u03b3\u03ac\u03c4\u03b7: Alkyonis Hotel\"\r\n\t\t\ttitle=\"\u0386\u03bd\u03bf\u03b9\u03b3\u03bc\u03b1 \u03c3\u03c5\u03bd\u03b5\u03c1\u03b3\u03ac\u03c4\u03b7: Alkyonis Hotel\"\r\n\t\t\t>\r\n\r\n\t\t\t<div class=\"elementor-post__thumbnail\"><img loading=\"lazy\" decoding=\"async\" width=\"340\" height=\"266\" src=\"https:\/\/www.blue-rent.gr\/wp-content\/uploads\/2025\/06\/71f67488b0857639cee631943a3fc6fa_M-340x266.jpg\" class=\"attachment-lanong_340x287 size-lanong_340x287 wp-image-5494\" alt=\"71f67488b0857639cee631943a3fc6fa_M\" title=\"71f67488b0857639cee631943a3fc6fa_M\" \/><\/div>\r\n\t\t<\/a>\r\n\t\t\t\t<div class=\"elementor-post__text\">\r\n\t\t\t\t<h2 class=\"elementor-post__title\">\r\n\t\t\t<a href=\"https:\/\/www.blue-rent.gr\/de\/partner\/alkyonis-hotel\/\" >\r\n\t\t\t\tAlkyonis Hotel\t\t\t<\/a>\r\n\t\t<\/h2>\r\n\t\t\t\t<div class=\"elementor-post__excerpt\">\r\n\t\t\t<p>Das Hotel Alkyonis befindet sich im Resort Nea Kallikrateia an der Westseite der Halbinsel Kassandra, mit direktem Zugang zum Stadtzentrum. Es bietet einen beeindruckenden Blick auf den Thermaischen Golf und die Berge des Olymp, da es direkt am Meer liegt. Nur 25 km vom Flughafen Makedonia und 35 km von der Stadt Thessaloniki entfernt, ist es der ideale Ausgangspunkt f\u00fcr Ihre Erkundungstouren zu den Sehensw\u00fcrdigkeiten von Makedonien.<\/p>\n\t\t<\/div>\r\n\t\t\r\n\t\t<a class=\"elementor-post__read-more\" href=\"https:\/\/www.blue-rent.gr\/de\/partner\/alkyonis-hotel\/\" aria-label=\"Mehr \u00fcber Alkyonis Hotel\" tabindex=\"-1\" >\r\n\t\t\t<span class=\"elementor-icon-list-icon\"> \t\t\t\t\t\t\t<span aria-hidden=\"true\" class=\"far fa-arrow-alt-circle-right\"><\/span> \u03a0\u03b5\u03c1\u03b9\u03c3\u03c3\u03cc\u03c4\u03b5\u03c1\u03b1\t\t<\/a>\r\n\r\n\t\t\t\t<\/div>\r\n\t\t\t\t<\/article>\r\n\t\t\t\t<article class=\"elementor-post elementor-grid-item post-5572 partner type-partner status-publish has-post-thumbnail hentry\">\r\n\t\t\t\t\r\n\t\t<a class=\"elementor-post__thumbnail__link\"\r\n\t\t\thref=\"https:\/\/www.blue-rent.gr\/de\/partner\/serenity-suites\/\"\r\n\t\t\taria-label=\"\u0386\u03bd\u03bf\u03b9\u03b3\u03bc\u03b1 \u03c3\u03c5\u03bd\u03b5\u03c1\u03b3\u03ac\u03c4\u03b7: Serenity Suites\"\r\n\t\t\ttitle=\"\u0386\u03bd\u03bf\u03b9\u03b3\u03bc\u03b1 \u03c3\u03c5\u03bd\u03b5\u03c1\u03b3\u03ac\u03c4\u03b7: Serenity Suites\"\r\n\t\t\t>\r\n\r\n\t\t\t<div class=\"elementor-post__thumbnail\"><img loading=\"lazy\" decoding=\"async\" width=\"340\" height=\"287\" src=\"https:\/\/www.blue-rent.gr\/wp-content\/uploads\/2025\/06\/9b2c4b44fb86522964124ed80d03c5e8_M-340x287.jpg\" class=\"attachment-lanong_340x287 size-lanong_340x287 wp-image-5498\" alt=\"9b2c4b44fb86522964124ed80d03c5e8_M\" title=\"9b2c4b44fb86522964124ed80d03c5e8_M\" \/><\/div>\r\n\t\t<\/a>\r\n\t\t\t\t<div class=\"elementor-post__text\">\r\n\t\t\t\t<h2 class=\"elementor-post__title\">\r\n\t\t\t<a href=\"https:\/\/www.blue-rent.gr\/de\/partner\/serenity-suites\/\" >\r\n\t\t\t\tSerenity Suites\t\t\t<\/a>\r\n\t\t<\/h2>\r\n\t\t\t\t<div class=\"elementor-post__excerpt\">\r\n\t\t\t<p>Die Serenity Suites sind ein Komplex neugebauter, luxuri\u00f6ser Suiten in Nikiti, Chalkidiki. Ein neues Unterkunftsangebot mit Fokus auf modernes Design, hohe \u00c4sthetik und moderne Annehmlichkeiten. Die Serenity Suites bieten direkten Zugang zum Pool des Komplexes sowie zum wundersch\u00f6nen Strand von Nikiti und garantieren traumhafte, entspannende Ferien in einer der sch\u00f6nsten Landschaften von Chalkidiki.<\/p>\n\t\t<\/div>\r\n\t\t\r\n\t\t<a class=\"elementor-post__read-more\" href=\"https:\/\/www.blue-rent.gr\/de\/partner\/serenity-suites\/\" aria-label=\"Mehr \u00fcber Serenity Suites\" tabindex=\"-1\" >\r\n\t\t\t<span class=\"elementor-icon-list-icon\"> \t\t\t\t\t\t\t<span aria-hidden=\"true\" class=\"far fa-arrow-alt-circle-right\"><\/span> \u03a0\u03b5\u03c1\u03b9\u03c3\u03c3\u03cc\u03c4\u03b5\u03c1\u03b1\t\t<\/a>\r\n\r\n\t\t\t\t<\/div>\r\n\t\t\t\t<\/article>\r\n\t\t\t\t<article class=\"elementor-post elementor-grid-item post-5562 partner type-partner status-publish has-post-thumbnail hentry\">\r\n\t\t\t\t\r\n\t\t<a class=\"elementor-post__thumbnail__link\"\r\n\t\t\thref=\"https:\/\/www.blue-rent.gr\/de\/partner\/caretta-resort\/\"\r\n\t\t\taria-label=\"\u0386\u03bd\u03bf\u03b9\u03b3\u03bc\u03b1 \u03c3\u03c5\u03bd\u03b5\u03c1\u03b3\u03ac\u03c4\u03b7: Caretta Resort\"\r\n\t\t\ttitle=\"\u0386\u03bd\u03bf\u03b9\u03b3\u03bc\u03b1 \u03c3\u03c5\u03bd\u03b5\u03c1\u03b3\u03ac\u03c4\u03b7: Caretta Resort\"\r\n\t\t\t>\r\n\r\n\t\t\t<div class=\"elementor-post__thumbnail\"><img loading=\"lazy\" decoding=\"async\" width=\"340\" height=\"258\" src=\"https:\/\/www.blue-rent.gr\/wp-content\/uploads\/2025\/06\/c889234799e865bbe90cee71f6cd2e53_M-340x258.jpg\" class=\"attachment-lanong_340x287 size-lanong_340x287 wp-image-5503\" alt=\"c889234799e865bbe90cee71f6cd2e53_M\" title=\"c889234799e865bbe90cee71f6cd2e53_M\" \/><\/div>\r\n\t\t<\/a>\r\n\t\t\t\t<div class=\"elementor-post__text\">\r\n\t\t\t\t<h2 class=\"elementor-post__title\">\r\n\t\t\t<a href=\"https:\/\/www.blue-rent.gr\/de\/partner\/caretta-resort\/\" >\r\n\t\t\t\tCaretta Resort\t\t\t<\/a>\r\n\t\t<\/h2>\r\n\t\t\t\t<div class=\"elementor-post__excerpt\">\r\n\t\t\t<p>Wenn Sie in Toroni, Chalkidiki, eine ruhige Umgebung inmitten der wundersch\u00f6nen Natur suchen, mit weitem Blick (Berge, Ebenen, Kiefernw\u00e4lder), dann sollten Sie sich f\u00fcr das CARETTA RESORT Chalkidiki entscheiden! Unser Hotel befindet sich nur 300 Meter entfernt von den kristallklaren Gew\u00e4ssern des Strandes von Toroni.<\/p>\n\t\t<\/div>\r\n\t\t\r\n\t\t<a class=\"elementor-post__read-more\" href=\"https:\/\/www.blue-rent.gr\/de\/partner\/caretta-resort\/\" aria-label=\"Mehr \u00fcber Caretta Resort\" tabindex=\"-1\" >\r\n\t\t\t<span class=\"elementor-icon-list-icon\"> \t\t\t\t\t\t\t<span aria-hidden=\"true\" class=\"far fa-arrow-alt-circle-right\"><\/span> \u03a0\u03b5\u03c1\u03b9\u03c3\u03c3\u03cc\u03c4\u03b5\u03c1\u03b1\t\t<\/a>\r\n\r\n\t\t\t\t<\/div>\r\n\t\t\t\t<\/article>\r\n\t\t\t\t<article class=\"elementor-post elementor-grid-item post-5567 partner type-partner status-publish has-post-thumbnail hentry\">\r\n\t\t\t\t\r\n\t\t<a class=\"elementor-post__thumbnail__link\"\r\n\t\t\thref=\"https:\/\/www.blue-rent.gr\/de\/partner\/golden-star-city-resort-hotel-thessaloniki\/\"\r\n\t\t\taria-label=\"\u0386\u03bd\u03bf\u03b9\u03b3\u03bc\u03b1 \u03c3\u03c5\u03bd\u03b5\u03c1\u03b3\u03ac\u03c4\u03b7: Golden Star City Resort Hotel Thessaloniki\"\r\n\t\t\ttitle=\"\u0386\u03bd\u03bf\u03b9\u03b3\u03bc\u03b1 \u03c3\u03c5\u03bd\u03b5\u03c1\u03b3\u03ac\u03c4\u03b7: Golden Star City Resort Hotel Thessaloniki\"\r\n\t\t\t>\r\n\r\n\t\t\t<div class=\"elementor-post__thumbnail\"><img loading=\"lazy\" decoding=\"async\" width=\"340\" height=\"267\" src=\"https:\/\/www.blue-rent.gr\/wp-content\/uploads\/2025\/06\/f4b6dca0e2911082f0eb6e1df1a0e11d_M-340x267.jpg\" class=\"attachment-lanong_340x287 size-lanong_340x287 wp-image-5508\" alt=\"f4b6dca0e2911082f0eb6e1df1a0e11d_M\" title=\"f4b6dca0e2911082f0eb6e1df1a0e11d_M\" \/><\/div>\r\n\t\t<\/a>\r\n\t\t\t\t<div class=\"elementor-post__text\">\r\n\t\t\t\t<h2 class=\"elementor-post__title\">\r\n\t\t\t<a href=\"https:\/\/www.blue-rent.gr\/de\/partner\/golden-star-city-resort-hotel-thessaloniki\/\" >\r\n\t\t\t\tGolden Star City Resort Hotel Thessaloniki\t\t\t<\/a>\r\n\t\t<\/h2>\r\n\t\t\t\t<div class=\"elementor-post__excerpt\">\r\n\t\t\t<p>Das Golden Star City Resort ist ein ausgezeichnetes 4-Sterne-Hotel und liegt direkt an dem mit der Blauen Flagge ausgezeichneten Strand von Peraia, nur wenige Minuten vom Zentrum von Thessaloniki entfernt. Das Hotel bietet 8 verschiedene Zimmertypen, die Ihnen Momente der v\u00f6lligen Entspannung und Unbeschwertheit versprechen. Alle Zimmer bieten eine Vielzahl von Annehmlichkeiten und Dienstleistungen, die darauf ausgelegt sind, Ihre Erwartungen zu \u00fcbertreffen und Ihnen die authentische griechische Gastfreundschaft an der Thessaloniki-Riviera n\u00e4herzubringen.<\/p>\n\t\t<\/div>\r\n\t\t\r\n\t\t<a class=\"elementor-post__read-more\" href=\"https:\/\/www.blue-rent.gr\/de\/partner\/golden-star-city-resort-hotel-thessaloniki\/\" aria-label=\"Mehr \u00fcber Golden Star City Resort Hotel Thessaloniki\" tabindex=\"-1\" >\r\n\t\t\t<span class=\"elementor-icon-list-icon\"> \t\t\t\t\t\t\t<span aria-hidden=\"true\" class=\"far fa-arrow-alt-circle-right\"><\/span> \u03a0\u03b5\u03c1\u03b9\u03c3\u03c3\u03cc\u03c4\u03b5\u03c1\u03b1\t\t<\/a>\r\n\r\n\t\t\t\t<\/div>\r\n\t\t\t\t<\/article>\r\n\t\t\t\t<\/div>\r\n\t\t\r\n\t\t\t\t\t\t<\/div>\n\t\t\t\t<\/div>\n\t\t\t\t\t<\/div>\n\t\t\t\t<\/div>\n\t\t\t\t<\/div>\n\t\t","protected":false},"excerpt":{"rendered":"","protected":false},"author":4,"featured_media":0,"parent":0,"menu_order":0,"comment_status":"closed","ping_status":"closed","template":"tpl-default-elementor.php","meta":{"_acf_changed":false,"footnotes":""},"class_list":["post-5598","page","type-page","status-publish","hentry"],"acf":[],"aioseo_notices":[],"_links":{"self":[{"href":"https:\/\/www.blue-rent.gr\/de\/wp-json\/wp\/v2\/pages\/5598","targetHints":{"allow":["GET"]}}],"collection":[{"href":"https:\/\/www.blue-rent.gr\/de\/wp-json\/wp\/v2\/pages"}],"about":[{"href":"https:\/\/www.blue-rent.gr\/de\/wp-json\/wp\/v2\/types\/page"}],"author":[{"embeddable":true,"href":"https:\/\/www.blue-rent.gr\/de\/wp-json\/wp\/v2\/users\/4"}],"replies":[{"embeddable":true,"href":"https:\/\/www.blue-rent.gr\/de\/wp-json\/wp\/v2\/comments?post=5598"}],"version-history":[{"count":0,"href":"https:\/\/www.blue-rent.gr\/de\/wp-json\/wp\/v2\/pages\/5598\/revisions"}],"wp:attachment":[{"href":"https:\/\/www.blue-rent.gr\/de\/wp-json\/wp\/v2\/media?parent=5598"}],"curies":[{"name":"wp","href":"https:\/\/api.w.org\/{rel}","templated":true}]}}