{"id":5613,"date":"2025-06-12T07:31:05","date_gmt":"2025-06-12T07:31:05","guid":{"rendered":"https:\/\/www.blue-rent.gr\/warum-blue-rent-ihre-1-wahl-fuer-mietwagen-in-griechenland-ist\/"},"modified":"2025-07-31T11:18:51","modified_gmt":"2025-07-31T11:18:51","slug":"warum-blue-rent-ihre-1-wahl-fuer-mietwagen-in-griechenland-ist","status":"publish","type":"page","link":"https:\/\/www.blue-rent.gr\/de\/warum-blue-rent-ihre-1-wahl-fuer-mietwagen-in-griechenland-ist\/","title":{"rendered":"Warum Blue-rent Ihre 1. Wahl f\u00fcr Mietwagen in Griechenland ist"},"content":{"rendered":"<p>Die Hauptniederlassung von Blue-rent befindet sich genau neben dem Internationalen Flughafen \"Macedonia\" (Thessaloniki Airport-SKG) in Griechenland. Besucher aus Europa, den USA und Asien fliegen Thessaloniki gesch\u00e4ftlich oder als Urlauber an.<br \/>\nThessaloniki befindet sich in der N\u00e4he von Chalkidiki, einem der beliebtesten Sommer-Reiseziele.Blue-rent bietet dort mit seinen Zweigstellen in Cassandra &amp; Sithonia Mietfahrzeuge an. Um die steigende Nachfrage seiner Kunden zu erf\u00fcllen, agiert das Unternehmen als Vertreter des internationalen Unternehmens Europcar.<br \/>\nWir sind au\u00dferdem langj\u00e4hrige Partner des bekannten Autoverleihs Budget.<br \/>\nDank unserer Erfahrung im Fahrzeugverleih k\u00f6nnen wir Ihnen hochwertige Dienstleistungen und einzigartige Privilegien und Produkte bieten, und das zu g\u00fcnstigen Preisen.<br \/>\nUnsere Kunden sind uns treu, da wir folgendes bieten:<\/p>\n<p>Konkurrenzf\u00e4hige Mietpreise f\u00fcr Fahrzeuge und eine gro\u00dfe Flotte an Neuwagen, die allen Bed\u00fcrfnissen unserer Kunden gerecht werden. In unseren Preisen ist eine Teilkaskoversicherung enthalten.<\/p>\n<p>Rund-um-die-Uhr-Kundenservice. Bei Fahrzeugen, deren Abholung und R\u00fcckgabe an unseren Hauptzweigstellen erfolgt, wird keine Nacht\u00fcbergabe-Geb\u00fchr erhoben.<br \/>\nBei einer Online-Reservierung ist keine Vorauszahlung n\u00f6tig. Keine Stornierungsgeb\u00fchren!<br \/>\nKunden, die mithilfe unserer Fahrzeugflotte nach Europa oder in die T\u00fcrkei reisen m\u00f6chten, bitten wir, nicht online zu buchen, sondern uns direkt per Telefon oder E-Mail zu kontaktieren.<\/p>\n","protected":false},"excerpt":{"rendered":"<p>Die Hauptniederlassung von Blue-rent befindet sich genau neben dem Internationalen Flughafen \"Macedonia\" (Thessaloniki Airport-SKG) in Griechenland. Besucher aus Europa, den USA und Asien fliegen Thessaloniki gesch\u00e4ftlich oder als Urlauber an. Thessaloniki befindet sich in der N\u00e4he von Chalkidiki, einem der beliebtesten Sommer-Reiseziele.Blue-rent bietet dort mit seinen Zweigstellen in Cassandra &amp; Sithonia Mietfahrzeuge an. Um die [&hellip;]<\/p>\n","protected":false},"author":4,"featured_media":0,"parent":0,"menu_order":0,"comment_status":"closed","ping_status":"closed","template":"","meta":{"_acf_changed":false,"footnotes":""},"class_list":["post-5613","page","type-page","status-publish","hentry"],"acf":[],"aioseo_notices":[],"_links":{"self":[{"href":"https:\/\/www.blue-rent.gr\/de\/wp-json\/wp\/v2\/pages\/5613","targetHints":{"allow":["GET"]}}],"collection":[{"href":"https:\/\/www.blue-rent.gr\/de\/wp-json\/wp\/v2\/pages"}],"about":[{"href":"https:\/\/www.blue-rent.gr\/de\/wp-json\/wp\/v2\/types\/page"}],"author":[{"embeddable":true,"href":"https:\/\/www.blue-rent.gr\/de\/wp-json\/wp\/v2\/users\/4"}],"replies":[{"embeddable":true,"href":"https:\/\/www.blue-rent.gr\/de\/wp-json\/wp\/v2\/comments?post=5613"}],"version-history":[{"count":0,"href":"https:\/\/www.blue-rent.gr\/de\/wp-json\/wp\/v2\/pages\/5613\/revisions"}],"wp:attachment":[{"href":"https:\/\/www.blue-rent.gr\/de\/wp-json\/wp\/v2\/media?parent=5613"}],"curies":[{"name":"wp","href":"https:\/\/api.w.org\/{rel}","templated":true}]}}