{"id":5614,"date":"2025-06-19T07:54:01","date_gmt":"2025-06-19T07:54:01","guid":{"rendered":"https:\/\/www.blue-rent.gr\/24-stunden-flughafentransfer-lieferung-keine-nachtuebergabe-gebuehren\/"},"modified":"2025-07-31T11:04:27","modified_gmt":"2025-07-31T11:04:27","slug":"24-stunden-flughafentransfer-lieferung-keine-nachtuebergabe-gebuehren","status":"publish","type":"page","link":"https:\/\/www.blue-rent.gr\/de\/24-stunden-flughafentransfer-lieferung-keine-nachtuebergabe-gebuehren\/","title":{"rendered":"24-Stunden-Flughafentransfer Lieferung, keine Nacht\u00fcbergabe-Geb\u00fchren"},"content":{"rendered":"<p>Die zentralen Gesch\u00e4ftsstellen von Blue-rent befinden sich genau neben dem Internationalen Flughafen \"Macedonia\" (Thessaloniki Airport-SKG) und sind rund um die Uhr ge\u00f6ffnet!<br \/>\nWir bieten Minibus-Transport vom Flughafen zu unseren Zweigstellen. Sie k\u00f6nnen das Mietfahrzeug geb\u00fchrenfrei abholen und zur\u00fcckgeben.<br \/>\nDer Nacht\u00fcbergabe-Service erfolgt geb\u00fchrenfrei f\u00fcr flughafennahe Hotels. Im Fall von Chalkidiki kann dies auch bei besonderen Anl\u00e4ssen genutzt werden, hierf\u00fcr informieren Sie bei Abholung des Fahrzeugs bitte unser Personal.<br \/>\nSparen Sie Geld und Zeit und leihen Sie sich ein Fahrzeug bei uns!<\/p>\n","protected":false},"excerpt":{"rendered":"<p>Die zentralen Gesch\u00e4ftsstellen von Blue-rent befinden sich genau neben dem Internationalen Flughafen \"Macedonia\" (Thessaloniki Airport-SKG) und sind rund um die Uhr ge\u00f6ffnet! Wir bieten Minibus-Transport vom Flughafen zu unseren Zweigstellen. Sie k\u00f6nnen das Mietfahrzeug geb\u00fchrenfrei abholen und zur\u00fcckgeben. Der Nacht\u00fcbergabe-Service erfolgt geb\u00fchrenfrei f\u00fcr flughafennahe Hotels. Im Fall von Chalkidiki kann dies auch bei besonderen Anl\u00e4ssen [&hellip;]<\/p>\n","protected":false},"author":4,"featured_media":0,"parent":0,"menu_order":0,"comment_status":"closed","ping_status":"closed","template":"","meta":{"_acf_changed":false,"footnotes":""},"class_list":["post-5614","page","type-page","status-publish","hentry"],"acf":[],"aioseo_notices":[],"_links":{"self":[{"href":"https:\/\/www.blue-rent.gr\/de\/wp-json\/wp\/v2\/pages\/5614","targetHints":{"allow":["GET"]}}],"collection":[{"href":"https:\/\/www.blue-rent.gr\/de\/wp-json\/wp\/v2\/pages"}],"about":[{"href":"https:\/\/www.blue-rent.gr\/de\/wp-json\/wp\/v2\/types\/page"}],"author":[{"embeddable":true,"href":"https:\/\/www.blue-rent.gr\/de\/wp-json\/wp\/v2\/users\/4"}],"replies":[{"embeddable":true,"href":"https:\/\/www.blue-rent.gr\/de\/wp-json\/wp\/v2\/comments?post=5614"}],"version-history":[{"count":0,"href":"https:\/\/www.blue-rent.gr\/de\/wp-json\/wp\/v2\/pages\/5614\/revisions"}],"wp:attachment":[{"href":"https:\/\/www.blue-rent.gr\/de\/wp-json\/wp\/v2\/media?parent=5614"}],"curies":[{"name":"wp","href":"https:\/\/api.w.org\/{rel}","templated":true}]}}