{"id":5615,"date":"2025-06-19T07:45:15","date_gmt":"2025-06-19T07:45:15","guid":{"rendered":"https:\/\/www.blue-rent.gr\/suchen-sie-einen-autoverleih-in-thessaloniki-chalkidiki-waehlen-sie-blue-rent-europcar\/"},"modified":"2025-10-15T13:48:57","modified_gmt":"2025-10-15T13:48:57","slug":"suchen-sie-einen-autoverleih-in-thessaloniki-chalkidiki-waehlen-sie-blue-rent-europcar","status":"publish","type":"page","link":"https:\/\/www.blue-rent.gr\/de\/suchen-sie-einen-autoverleih-in-thessaloniki-chalkidiki-waehlen-sie-blue-rent-europcar\/","title":{"rendered":"Suchen Sie einen Autoverleih in Thessaloniki &#038; Chalkidiki? W\u00e4hlen Sie Blue-rent"},"content":{"rendered":"<p>In Chalkidiki, einem der beliebtesten Sommer-Reiseziele, bietet Blue-rent seine Dienstleistungen in 2 Zweigstellen an.<\/p>\n<p>Die befinden sich an zentralen Standorten, Kallithea-Kassandra, Nikiti-Sithonia und Ierissos-Athos. Selbstverst\u00e4ndlich befinden sich Abhol- und R\u00fcckgabestationen an weiteren Standorten wie Nea Moudania, Kallikratia, Neos Marmaras und Ouranoupoli.<br \/>\nUm die wachsende Nachfrage unserer Kunden in Chalkidiki zu bedienen, operieren wir auch als Vertreter des internationalen Unternehmens Europcar und bieten hochwertige Dienstleistungen mit einzigartigen Privilegien und Produkten.<br \/>\nUnser professionell ausgebildetes Personal bieten Ihnen einen freundlichen und schnellen Service, damit Sie an Ihrem Reiseziel totale Mobilit\u00e4t genie\u00dfen k\u00f6nnen.<br \/>\nRund-um-die-Uhr-Kundenservice. Bitte kontaktieren Sie uns hier.<\/p>\n","protected":false},"excerpt":{"rendered":"<p>In Chalkidiki, einem der beliebtesten Sommer-Reiseziele, bietet Blue-rent seine Dienstleistungen in 2 Zweigstellen an. Die befinden sich an zentralen Standorten, Kallithea-Kassandra, Nikiti-Sithonia und Ierissos-Athos. Selbstverst\u00e4ndlich befinden sich Abhol- und R\u00fcckgabestationen an weiteren Standorten wie Nea Moudania, Kallikratia, Neos Marmaras und Ouranoupoli. Um die wachsende Nachfrage unserer Kunden in Chalkidiki zu bedienen, operieren wir auch als [&hellip;]<\/p>\n","protected":false},"author":4,"featured_media":0,"parent":0,"menu_order":0,"comment_status":"closed","ping_status":"closed","template":"","meta":{"_acf_changed":false,"footnotes":""},"class_list":["post-5615","page","type-page","status-publish","hentry"],"acf":[],"aioseo_notices":[],"_links":{"self":[{"href":"https:\/\/www.blue-rent.gr\/de\/wp-json\/wp\/v2\/pages\/5615","targetHints":{"allow":["GET"]}}],"collection":[{"href":"https:\/\/www.blue-rent.gr\/de\/wp-json\/wp\/v2\/pages"}],"about":[{"href":"https:\/\/www.blue-rent.gr\/de\/wp-json\/wp\/v2\/types\/page"}],"author":[{"embeddable":true,"href":"https:\/\/www.blue-rent.gr\/de\/wp-json\/wp\/v2\/users\/4"}],"replies":[{"embeddable":true,"href":"https:\/\/www.blue-rent.gr\/de\/wp-json\/wp\/v2\/comments?post=5615"}],"version-history":[{"count":0,"href":"https:\/\/www.blue-rent.gr\/de\/wp-json\/wp\/v2\/pages\/5615\/revisions"}],"wp:attachment":[{"href":"https:\/\/www.blue-rent.gr\/de\/wp-json\/wp\/v2\/media?parent=5615"}],"curies":[{"name":"wp","href":"https:\/\/api.w.org\/{rel}","templated":true}]}}