{"id":5616,"date":"2025-06-19T08:08:46","date_gmt":"2025-06-19T08:08:46","guid":{"rendered":"https:\/\/www.blue-rent.gr\/interessieren-sie-sich-ein-balkanland-fuer-urlaub-oder-geschaeft-ueber-thessaloniki-griechenland-zu-besuchen-mietwagen-ist-ihre-wahl\/"},"modified":"2025-07-31T11:02:42","modified_gmt":"2025-07-31T11:02:42","slug":"interessieren-sie-sich-ein-balkanland-fuer-urlaub-oder-geschaeft-ueber-thessaloniki-griechenland-zu-besuchen-mietwagen-ist-ihre-wahl","status":"publish","type":"page","link":"https:\/\/www.blue-rent.gr\/de\/interessieren-sie-sich-ein-balkanland-fuer-urlaub-oder-geschaeft-ueber-thessaloniki-griechenland-zu-besuchen-mietwagen-ist-ihre-wahl\/","title":{"rendered":"Interessieren Sie sich, ein Balkanland f\u00fcr Urlaub oder Gesch\u00e4ft \u00fcber Thessaloniki-Griechenland zu besuchen? Mietwagen ist Ihre Wahl!"},"content":{"rendered":"<p>Thessaloniki-City ist der zentrale Ort, um Balkanl\u00e4nder und den europ\u00e4ischen Teil der T\u00fcrkei zu besuchen.<br \/>\nFalls Sie auf Ihrer Gesch\u00e4ftsreise eines dieser oben genannten Ziele besuchen m\u00f6chten, ist ein Mietwagen der sicherste und g\u00fcnstigste Weg. Unsere Minibus-Flotte ist f\u00fcr Gesch\u00e4ftsreisen sehr beliebt. Familien und gr\u00f6\u00dfere Gruppen von Freunden, die gerne Road Trips unternehmen, leihen sich bevorzugt einen Minibus.<br \/>\nUm unsere Fahrzeuge f\u00fcr Touren au\u00dferhalb von Griechenland zu nutzen, informieren Sie uns bitte vor Ihrer Reservierung, indem Sie uns hier kontaktieren. Wir informieren Sie gerne zu den geltenden Gesch\u00e4ftsbedingungen und unterst\u00fctzen Sie, um Ihre Reise so angenehm wie m\u00f6glich zu gestalten.<\/p>\n","protected":false},"excerpt":{"rendered":"<p>Thessaloniki-City ist der zentrale Ort, um Balkanl\u00e4nder und den europ\u00e4ischen Teil der T\u00fcrkei zu besuchen. Falls Sie auf Ihrer Gesch\u00e4ftsreise eines dieser oben genannten Ziele besuchen m\u00f6chten, ist ein Mietwagen der sicherste und g\u00fcnstigste Weg. Unsere Minibus-Flotte ist f\u00fcr Gesch\u00e4ftsreisen sehr beliebt. Familien und gr\u00f6\u00dfere Gruppen von Freunden, die gerne Road Trips unternehmen, leihen sich [&hellip;]<\/p>\n","protected":false},"author":4,"featured_media":0,"parent":0,"menu_order":0,"comment_status":"closed","ping_status":"closed","template":"","meta":{"_acf_changed":false,"footnotes":""},"class_list":["post-5616","page","type-page","status-publish","hentry"],"acf":[],"aioseo_notices":[],"_links":{"self":[{"href":"https:\/\/www.blue-rent.gr\/de\/wp-json\/wp\/v2\/pages\/5616","targetHints":{"allow":["GET"]}}],"collection":[{"href":"https:\/\/www.blue-rent.gr\/de\/wp-json\/wp\/v2\/pages"}],"about":[{"href":"https:\/\/www.blue-rent.gr\/de\/wp-json\/wp\/v2\/types\/page"}],"author":[{"embeddable":true,"href":"https:\/\/www.blue-rent.gr\/de\/wp-json\/wp\/v2\/users\/4"}],"replies":[{"embeddable":true,"href":"https:\/\/www.blue-rent.gr\/de\/wp-json\/wp\/v2\/comments?post=5616"}],"version-history":[{"count":0,"href":"https:\/\/www.blue-rent.gr\/de\/wp-json\/wp\/v2\/pages\/5616\/revisions"}],"wp:attachment":[{"href":"https:\/\/www.blue-rent.gr\/de\/wp-json\/wp\/v2\/media?parent=5616"}],"curies":[{"name":"wp","href":"https:\/\/api.w.org\/{rel}","templated":true}]}}