{"id":5617,"date":"2025-06-19T07:58:58","date_gmt":"2025-06-19T07:58:58","guid":{"rendered":"https:\/\/www.blue-rent.gr\/reservieren-sie-ihr-mietfahrzeug-mit-fahrer-transferservices-von-blue-rent\/"},"modified":"2025-07-31T11:07:56","modified_gmt":"2025-07-31T11:07:56","slug":"reservieren-sie-ihr-mietfahrzeug-mit-fahrer-transferservices-von-blue-rent","status":"publish","type":"page","link":"https:\/\/www.blue-rent.gr\/de\/reservieren-sie-ihr-mietfahrzeug-mit-fahrer-transferservices-von-blue-rent\/","title":{"rendered":"Reservieren Sie Ihr Mietfahrzeug mit Fahrer - Transferservices von Blue-rent!"},"content":{"rendered":"<p>Aufgrund der Nachfrage vieler Kunden bietet Blue-rent Auto- und Minibus-Transferdienste mit Fahrer. Sie k\u00f6nnen einen privaten Fahrer f\u00fcr die GesamtMietdauer w\u00e4hlen, um eine entspannte und komfortable Sightseeing-Tour zu genie\u00dfen, oder um einen Transfer zu bestimmten Orten in Griechenland oder Nachbarl\u00e4ndern zu erhalten.<br \/>\nDen privaten Transfer f\u00fcr Ihre besonderen Bed\u00fcrfnisse k\u00f6nnen wir Ihnen bei direkter Kontaktaufnahme mit unseren Mitarbeitern anbieten. Kontaktieren Sie uns entweder hier per E-Mail oder telefonisch unter +30 2310 471455<\/p>\n","protected":false},"excerpt":{"rendered":"<p>Aufgrund der Nachfrage vieler Kunden bietet Blue-rent Auto- und Minibus-Transferdienste mit Fahrer. Sie k\u00f6nnen einen privaten Fahrer f\u00fcr die GesamtMietdauer w\u00e4hlen, um eine entspannte und komfortable Sightseeing-Tour zu genie\u00dfen, oder um einen Transfer zu bestimmten Orten in Griechenland oder Nachbarl\u00e4ndern zu erhalten. Den privaten Transfer f\u00fcr Ihre besonderen Bed\u00fcrfnisse k\u00f6nnen wir Ihnen bei direkter Kontaktaufnahme [&hellip;]<\/p>\n","protected":false},"author":4,"featured_media":0,"parent":0,"menu_order":0,"comment_status":"closed","ping_status":"closed","template":"","meta":{"_acf_changed":false,"footnotes":""},"class_list":["post-5617","page","type-page","status-publish","hentry"],"acf":[],"aioseo_notices":[],"_links":{"self":[{"href":"https:\/\/www.blue-rent.gr\/de\/wp-json\/wp\/v2\/pages\/5617","targetHints":{"allow":["GET"]}}],"collection":[{"href":"https:\/\/www.blue-rent.gr\/de\/wp-json\/wp\/v2\/pages"}],"about":[{"href":"https:\/\/www.blue-rent.gr\/de\/wp-json\/wp\/v2\/types\/page"}],"author":[{"embeddable":true,"href":"https:\/\/www.blue-rent.gr\/de\/wp-json\/wp\/v2\/users\/4"}],"replies":[{"embeddable":true,"href":"https:\/\/www.blue-rent.gr\/de\/wp-json\/wp\/v2\/comments?post=5617"}],"version-history":[{"count":0,"href":"https:\/\/www.blue-rent.gr\/de\/wp-json\/wp\/v2\/pages\/5617\/revisions"}],"wp:attachment":[{"href":"https:\/\/www.blue-rent.gr\/de\/wp-json\/wp\/v2\/media?parent=5617"}],"curies":[{"name":"wp","href":"https:\/\/api.w.org\/{rel}","templated":true}]}}